{"id":149,"date":"2025-12-03T15:56:02","date_gmt":"2025-12-03T15:56:02","guid":{"rendered":"https:\/\/auringisautos.es\/byd\/?page_id=149"},"modified":"2026-02-16T16:50:06","modified_gmt":"2026-02-16T16:50:06","slug":"prueba-tu-byd","status":"publish","type":"page","link":"https:\/\/auringisautos.es\/byd\/prueba-tu-byd\/","title":{"rendered":"Prueba tu BYD"},"content":{"rendered":"<p>[et_pb_section fb_built=\u00bb1&#8243; custom_padding_last_edited=\u00bbon|phone\u00bb _builder_version=\u00bb4.27.4&#8243; _module_preset=\u00bbdefault\u00bb background_color=\u00bbrgba(0,0,0,0.58)\u00bb background_image=\u00bbhttps:\/\/auringisautos.es\/byd\/wp-content\/uploads\/2025\/12\/test-drive-banner-pc-2880-scaled.webp\u00bb background_blend=\u00bbmultiply\u00bb custom_padding=\u00bb||223px|||\u00bb custom_padding_tablet=\u00bb||223px|||\u00bb custom_padding_phone=\u00bb||305px||false|false\u00bb global_colors_info=\u00bb{}\u00bb][et_pb_row _builder_version=\u00bb4.27.4&#8243; _module_preset=\u00bbdefault\u00bb custom_margin=\u00bb60px||||false|false\u00bb custom_margin_tablet=\u00bb60px||||false|false\u00bb custom_margin_phone=\u00bb-18px||||false|false\u00bb custom_margin_last_edited=\u00bbon|phone\u00bb custom_padding=\u00bb140px|||||\u00bb global_colors_info=\u00bb{}\u00bb][et_pb_column type=\u00bb4_4&#8243; _builder_version=\u00bb4.27.4&#8243; _module_preset=\u00bbdefault\u00bb global_colors_info=\u00bb{}\u00bb][et_pb_text _builder_version=\u00bb4.27.4&#8243; _module_preset=\u00bbdefault\u00bb header_font=\u00bb|700|||||||\u00bb header_text_align=\u00bbcenter\u00bb header_text_color=\u00bb#FFFFFF\u00bb header_font_size=\u00bb45px\u00bb custom_margin=\u00bb0px||10px||false|false\u00bb custom_margin_tablet=\u00bb0px||10px||false|false\u00bb custom_margin_phone=\u00bb-25px||||false|false\u00bb custom_margin_last_edited=\u00bbon|phone\u00bb header_font_size_tablet=\u00bb45px\u00bb header_font_size_phone=\u00bb38px\u00bb header_font_size_last_edited=\u00bbon|phone\u00bb locked=\u00bboff\u00bb global_colors_info=\u00bb{}\u00bb]<\/p>\n<h1>Prueba de conducci\u00f3n BYD en Ja\u00e9n<\/h1>\n<p>[\/et_pb_text][et_pb_text _builder_version=\u00bb4.27.4&#8243; _module_preset=\u00bbdefault\u00bb text_font=\u00bb|600|||||||\u00bb text_text_color=\u00bb#FFFFFF\u00bb text_font_size=\u00bb16px\u00bb text_orientation=\u00bbcenter\u00bb text_font_size_tablet=\u00bb16px\u00bb text_font_size_phone=\u00bb16px\u00bb text_font_size_last_edited=\u00bbon|desktop\u00bb global_colors_info=\u00bb{}\u00bb]<\/p>\n<p>Descubre por ti todo lo que puede ofrecerte la marca N\u00ba1 en veh\u00edculos enchufables<\/p>\n<p>[\/et_pb_text][\/et_pb_column][\/et_pb_row][\/et_pb_section][et_pb_section fb_built=\u00bb1&#8243; _builder_version=\u00bb4.27.4&#8243; _module_preset=\u00bbdefault\u00bb background_color=\u00bbrgba(0,0,0,0.05)\u00bb custom_padding=\u00bb34px|||||\u00bb locked=\u00bboff\u00bb global_colors_info=\u00bb{}\u00bb][et_pb_row column_structure=\u00bb1_5,3_5,1_5&#8243; module_id=\u00bbpruebas\u00bb _builder_version=\u00bb4.27.4&#8243; _module_preset=\u00bbdefault\u00bb global_colors_info=\u00bb{}\u00bb][et_pb_column type=\u00bb1_5&#8243; _builder_version=\u00bb4.27.4&#8243; _module_preset=\u00bbdefault\u00bb global_colors_info=\u00bb{}\u00bb][\/et_pb_column][et_pb_column type=\u00bb3_5&#8243; _builder_version=\u00bb4.27.4&#8243; _module_preset=\u00bbdefault\u00bb global_colors_info=\u00bb{}\u00bb][et_pb_contact_form email=\u00bbdanieliglesias@autosauringis.com\u00bb title=\u00bbSolicita la prueba de tu BYD\u00bb custom_message=\u00bbEste es un mensaje de https:\/\/auringisautos.es\/byd\/prueba-tu-byd\/||et_pb_line_break_holder||||et_pb_line_break_holder||El cliente %%Nombre%% con tel\u00e9fono %%Tel\u00e9fono%% y email %%Email%% solicita prueba del veh\u00edculo %%Modelo%%||et_pb_line_break_holder||||et_pb_line_break_holder||El cliente es de %%Localidad%% y ha elegido que se le atienda desde nuestro concesionario de %%Concesionario%%||et_pb_line_break_holder||||et_pb_line_break_holder||Adem\u00e1s, ha dejado el siguiente mensaje: ||et_pb_line_break_holder||||et_pb_line_break_holder||%%Message%%||et_pb_line_break_holder||||et_pb_line_break_holder||Un saludo\u00bb success_message=\u00bbGracias por enviar tu solicitud. Contactaremos contigo lo antes posible para agendar tu cita.\u00bb submit_button_text=\u00bbENVIAR\u00bb _builder_version=\u00bb4.27.4&#8243; _module_preset=\u00bbdefault\u00bb _unique_id=\u00bb225e6407-0a45-44b2-ba26-7d352387736d\u00bb form_field_background_color=\u00bbRGBA(255,255,255,0)\u00bb form_field_text_color=\u00bb#000000&#8243; form_field_focus_background_color=\u00bbRGBA(255,255,255,0)\u00bb form_field_focus_text_color=\u00bb#000000&#8243; title_font=\u00bb|700|||||||\u00bb title_text_align=\u00bbcenter\u00bb custom_button=\u00bbon\u00bb button_text_size=\u00bb17px\u00bb button_text_color=\u00bb#000000&#8243; button_border_width=\u00bb1px\u00bb button_font=\u00bb|700|||||||\u00bb hover_enabled=\u00bb0&#8243; border_width_all=\u00bb1px\u00bb global_colors_info=\u00bb{}\u00bb sticky_enabled=\u00bb0&#8243;][et_pb_contact_field field_id=\u00bbNombre\u00bb field_title=\u00bbNombre\u00bb _builder_version=\u00bb4.27.4&#8243; global_colors_info=\u00bb{}\u00bb button_text_size__hover_enabled=\u00bboff\u00bb button_one_text_size__hover_enabled=\u00bboff\u00bb button_two_text_size__hover_enabled=\u00bboff\u00bb button_text_color__hover_enabled=\u00bboff\u00bb button_one_text_color__hover_enabled=\u00bboff\u00bb button_two_text_color__hover_enabled=\u00bboff\u00bb button_border_width__hover_enabled=\u00bboff\u00bb button_one_border_width__hover_enabled=\u00bboff\u00bb button_two_border_width__hover_enabled=\u00bboff\u00bb button_border_color__hover_enabled=\u00bboff\u00bb button_one_border_color__hover_enabled=\u00bboff\u00bb button_two_border_color__hover_enabled=\u00bboff\u00bb button_border_radius__hover_enabled=\u00bboff\u00bb button_one_border_radius__hover_enabled=\u00bboff\u00bb button_two_border_radius__hover_enabled=\u00bboff\u00bb button_letter_spacing__hover_enabled=\u00bboff\u00bb button_one_letter_spacing__hover_enabled=\u00bboff\u00bb button_two_letter_spacing__hover_enabled=\u00bboff\u00bb button_bg_color__hover_enabled=\u00bboff\u00bb button_one_bg_color__hover_enabled=\u00bboff\u00bb button_two_bg_color__hover_enabled=\u00bboff\u00bb][\/et_pb_contact_field][et_pb_contact_field field_id=\u00bbTel\u00e9fono\u00bb field_title=\u00bbTel\u00e9fono\u00bb min_length=\u00bb9&#8243; max_length=\u00bb9&#8243; allowed_symbols=\u00bbnumbers\u00bb _builder_version=\u00bb4.27.4&#8243; global_colors_info=\u00bb{}\u00bb button_text_size__hover_enabled=\u00bboff\u00bb button_one_text_size__hover_enabled=\u00bboff\u00bb button_two_text_size__hover_enabled=\u00bboff\u00bb button_text_color__hover_enabled=\u00bboff\u00bb button_one_text_color__hover_enabled=\u00bboff\u00bb button_two_text_color__hover_enabled=\u00bboff\u00bb button_border_width__hover_enabled=\u00bboff\u00bb button_one_border_width__hover_enabled=\u00bboff\u00bb button_two_border_width__hover_enabled=\u00bboff\u00bb button_border_color__hover_enabled=\u00bboff\u00bb button_one_border_color__hover_enabled=\u00bboff\u00bb button_two_border_color__hover_enabled=\u00bboff\u00bb button_border_radius__hover_enabled=\u00bboff\u00bb button_one_border_radius__hover_enabled=\u00bboff\u00bb button_two_border_radius__hover_enabled=\u00bboff\u00bb button_letter_spacing__hover_enabled=\u00bboff\u00bb button_one_letter_spacing__hover_enabled=\u00bboff\u00bb button_two_letter_spacing__hover_enabled=\u00bboff\u00bb button_bg_color__hover_enabled=\u00bboff\u00bb button_one_bg_color__hover_enabled=\u00bboff\u00bb button_two_bg_color__hover_enabled=\u00bboff\u00bb][\/et_pb_contact_field][et_pb_contact_field field_id=\u00bbEmail\u00bb field_title=\u00bbDirecci\u00f3n de correo electr\u00f3nico\u00bb field_type=\u00bbemail\u00bb _builder_version=\u00bb4.27.4&#8243; global_colors_info=\u00bb{}\u00bb button_text_size__hover_enabled=\u00bboff\u00bb button_one_text_size__hover_enabled=\u00bboff\u00bb button_two_text_size__hover_enabled=\u00bboff\u00bb button_text_color__hover_enabled=\u00bboff\u00bb button_one_text_color__hover_enabled=\u00bboff\u00bb button_two_text_color__hover_enabled=\u00bboff\u00bb button_border_width__hover_enabled=\u00bboff\u00bb button_one_border_width__hover_enabled=\u00bboff\u00bb button_two_border_width__hover_enabled=\u00bboff\u00bb button_border_color__hover_enabled=\u00bboff\u00bb button_one_border_color__hover_enabled=\u00bboff\u00bb button_two_border_color__hover_enabled=\u00bboff\u00bb button_border_radius__hover_enabled=\u00bboff\u00bb button_one_border_radius__hover_enabled=\u00bboff\u00bb button_two_border_radius__hover_enabled=\u00bboff\u00bb button_letter_spacing__hover_enabled=\u00bboff\u00bb button_one_letter_spacing__hover_enabled=\u00bboff\u00bb button_two_letter_spacing__hover_enabled=\u00bboff\u00bb button_bg_color__hover_enabled=\u00bboff\u00bb button_one_bg_color__hover_enabled=\u00bboff\u00bb button_two_bg_color__hover_enabled=\u00bboff\u00bb][\/et_pb_contact_field][et_pb_contact_field field_id=\u00bbModelo\u00bb field_title=\u00bbModelo de prueba\u00bb field_type=\u00bbselect\u00bb select_options=\u00bb%91{%22value%22:%22BYD DOLPHIN SURF%22,%22checked%22:0,%22dragID%22:-1},{%22value%22:%22BYD DOLPHIN%22,%22checked%22:0,%22dragID%22:0},{%22value%22:%22BYD ATTO 2%22,%22checked%22:0,%22dragID%22:1},{%22value%22:%22BYD ATTO 3%22,%22checked%22:0,%22dragID%22:2},{%22value%22:%22BYD SEAL U%22,%22checked%22:0,%22dragID%22:3},{%22value%22:%22BYD SEAL U DM-i%22,%22checked%22:0,%22dragID%22:5},{%22value%22:%22BYD SEAL%22,%22checked%22:0,%22dragID%22:4},{%22value%22:%22BYD SEALION 7%22,%22checked%22:0,%22dragID%22:6},{%22value%22:%22BYD SEAL 6 DM-i%22,%22checked%22:0,%22dragID%22:7},{%22value%22:%22BYD TANG%22,%22checked%22:0,%22dragID%22:8}%93&#8243; _builder_version=\u00bb4.27.4&#8243; global_colors_info=\u00bb{}\u00bb button_text_size__hover_enabled=\u00bboff\u00bb button_one_text_size__hover_enabled=\u00bboff\u00bb button_two_text_size__hover_enabled=\u00bboff\u00bb button_text_color__hover_enabled=\u00bboff\u00bb button_one_text_color__hover_enabled=\u00bboff\u00bb button_two_text_color__hover_enabled=\u00bboff\u00bb button_border_width__hover_enabled=\u00bboff\u00bb button_one_border_width__hover_enabled=\u00bboff\u00bb button_two_border_width__hover_enabled=\u00bboff\u00bb button_border_color__hover_enabled=\u00bboff\u00bb button_one_border_color__hover_enabled=\u00bboff\u00bb button_two_border_color__hover_enabled=\u00bboff\u00bb button_border_radius__hover_enabled=\u00bboff\u00bb button_one_border_radius__hover_enabled=\u00bboff\u00bb button_two_border_radius__hover_enabled=\u00bboff\u00bb button_letter_spacing__hover_enabled=\u00bboff\u00bb button_one_letter_spacing__hover_enabled=\u00bboff\u00bb button_two_letter_spacing__hover_enabled=\u00bboff\u00bb button_bg_color__hover_enabled=\u00bboff\u00bb button_one_bg_color__hover_enabled=\u00bboff\u00bb button_two_bg_color__hover_enabled=\u00bboff\u00bb][\/et_pb_contact_field][et_pb_contact_field field_id=\u00bbLocalidad\u00bb field_title=\u00bbLocalidad\u00bb _builder_version=\u00bb4.27.4&#8243; _module_preset=\u00bbdefault\u00bb global_colors_info=\u00bb{}\u00bb][\/et_pb_contact_field][et_pb_contact_field field_id=\u00bbConcesionario\u00bb field_title=\u00bbElige concesionario\u00bb field_type=\u00bbselect\u00bb select_options=\u00bb%91{%22value%22:%22Ja\u00e9n%22,%22checked%22:0,%22dragID%22:-1},{%22value%22:%22\u00dabeda%22,%22checked%22:0,%22dragID%22:0}%93&#8243; _builder_version=\u00bb4.27.4&#8243; _module_preset=\u00bbdefault\u00bb global_colors_info=\u00bb{}\u00bb][\/et_pb_contact_field][et_pb_contact_field field_id=\u00bbMessage\u00bb field_title=\u00bbMensaje\u00bb field_type=\u00bbtext\u00bb fullwidth_field=\u00bbon\u00bb _builder_version=\u00bb4.16&#8243; global_colors_info=\u00bb{}\u00bb button_text_size__hover_enabled=\u00bboff\u00bb button_one_text_size__hover_enabled=\u00bboff\u00bb button_two_text_size__hover_enabled=\u00bboff\u00bb button_text_color__hover_enabled=\u00bboff\u00bb button_one_text_color__hover_enabled=\u00bboff\u00bb button_two_text_color__hover_enabled=\u00bboff\u00bb button_border_width__hover_enabled=\u00bboff\u00bb button_one_border_width__hover_enabled=\u00bboff\u00bb button_two_border_width__hover_enabled=\u00bboff\u00bb button_border_color__hover_enabled=\u00bboff\u00bb button_one_border_color__hover_enabled=\u00bboff\u00bb button_two_border_color__hover_enabled=\u00bboff\u00bb button_border_radius__hover_enabled=\u00bboff\u00bb button_one_border_radius__hover_enabled=\u00bboff\u00bb button_two_border_radius__hover_enabled=\u00bboff\u00bb button_letter_spacing__hover_enabled=\u00bboff\u00bb button_one_letter_spacing__hover_enabled=\u00bboff\u00bb button_two_letter_spacing__hover_enabled=\u00bboff\u00bb button_bg_color__hover_enabled=\u00bboff\u00bb button_one_bg_color__hover_enabled=\u00bboff\u00bb button_two_bg_color__hover_enabled=\u00bboff\u00bb][\/et_pb_contact_field][et_pb_contact_field field_id=\u00bbPrivacidad\u00bb field_title=\u00bbPol\u00edtica de Privacidad\u00bb field_type=\u00bbcheckbox\u00bb checkbox_options=\u00bb%91{%22value%22:%22Al continuar, acepto y entiendo los t\u00e9rminos de uso y la  Pol\u00edtica de privacidad sobre c\u00f3mo BYD procesa mis datos personales %22,%22checked%22:0,%22dragID%22:-1,%22link_url%22:%22https:\/\/auringisautos.es\/byd\/politica-de-privacidad\/%22,%22link_text%22:%22Pol\u00edtica de Privacidad %22},{%22value%22:%22Doy mi consentimiento para que mis datos personales se utilicen para recibir todas las actualizaciones relevantes de BYD por correo electr\u00f3nico. Para obtener m\u00e1s informaci\u00f3n, consulte nuestra %22,%22checked%22:0,%22dragID%22:0,%22link_url%22:%22https:\/\/auringisautos.es\/byd\/politica-de-privacidad\/%22,%22link_text%22:%22Pol\u00edtica de Privacidad%22}%93&#8243; fullwidth_field=\u00bbon\u00bb _builder_version=\u00bb4.27.4&#8243; _module_preset=\u00bbdefault\u00bb form_field_font_size=\u00bb12px\u00bb global_colors_info=\u00bb{}\u00bb][\/et_pb_contact_field][\/et_pb_contact_form][\/et_pb_column][et_pb_column type=\u00bb1_5&#8243; _builder_version=\u00bb4.27.4&#8243; _module_preset=\u00bbdefault\u00bb global_colors_info=\u00bb{}\u00bb][\/et_pb_column][\/et_pb_row][\/et_pb_section][et_pb_section fb_built=\u00bb1&#8243; module_id=\u00bbcontacto\u00bb _builder_version=\u00bb4.27.4&#8243; _module_preset=\u00bbdefault\u00bb locked=\u00bboff\u00bb global_colors_info=\u00bb{}\u00bb][et_pb_row _builder_version=\u00bb4.27.4&#8243; _module_preset=\u00bbdefault\u00bb global_colors_info=\u00bb{}\u00bb][et_pb_column type=\u00bb4_4&#8243; _builder_version=\u00bb4.27.4&#8243; _module_preset=\u00bbdefault\u00bb global_colors_info=\u00bb{}\u00bb][et_pb_text _builder_version=\u00bb4.27.4&#8243; _module_preset=\u00bbdefault\u00bb text_font=\u00bb|700|||||||\u00bb text_text_color=\u00bb#000000&#8243; text_font_size=\u00bb30px\u00bb text_orientation=\u00bbcenter\u00bb text_font_size_tablet=\u00bb30px\u00bb text_font_size_phone=\u00bb30px\u00bb text_font_size_last_edited=\u00bbon|phone\u00bb text_letter_spacing_tablet=\u00bb\u00bb text_letter_spacing_phone=\u00bb0px\u00bb text_letter_spacing_last_edited=\u00bbon|phone\u00bb text_line_height_tablet=\u00bb\u00bb text_line_height_phone=\u00bb1.1em\u00bb text_line_height_last_edited=\u00bbon|desktop\u00bb locked=\u00bboff\u00bb global_colors_info=\u00bb{}\u00bb]<\/p>\n<p>\u00bfQUIERES CONTACTAR CON NOSOTROS?<\/p>\n<p>[\/et_pb_text][\/et_pb_column][\/et_pb_row][et_pb_row column_structure=\u00bb1_4,1_4,1_4,1_4&#8243; _builder_version=\u00bb4.27.4&#8243; _module_preset=\u00bbdefault\u00bb global_colors_info=\u00bb{}\u00bb][et_pb_column type=\u00bb1_4&#8243; _builder_version=\u00bb4.27.4&#8243; _module_preset=\u00bbdefault\u00bb global_colors_info=\u00bb{}\u00bb][\/et_pb_column][et_pb_column type=\u00bb1_4&#8243; _builder_version=\u00bb4.27.4&#8243; _module_preset=\u00bbdefault\u00bb global_colors_info=\u00bb{}\u00bb][et_pb_blurb title=\u00bbBYD JA\u00c9N\u00bb use_icon=\u00bbon\u00bb font_icon=\u00bb&#xf3c5;||fa||900&#8243; icon_color=\u00bb#000000&#8243; image_icon_width=\u00bb48px\u00bb _builder_version=\u00bb4.27.4&#8243; _module_preset=\u00bbdefault\u00bb header_font=\u00bb|700|||||||\u00bb text_orientation=\u00bbcenter\u00bb global_colors_info=\u00bb{}\u00bb]<\/p>\n<p>C\/ Esca\u00f1uela 33 &#8211; 23009 Ja\u00e9n<\/p>\n<p>Tfno.: 953 96 86 96<\/p>\n<p>[\/et_pb_blurb][\/et_pb_column][et_pb_column type=\u00bb1_4&#8243; _builder_version=\u00bb4.27.4&#8243; _module_preset=\u00bbdefault\u00bb global_colors_info=\u00bb{}\u00bb][et_pb_blurb title=\u00bbBYD \u00daBEDA\u00bb use_icon=\u00bbon\u00bb font_icon=\u00bb&#xf3c5;||fa||900&#8243; icon_color=\u00bb#000000&#8243; image_icon_width=\u00bb48px\u00bb _builder_version=\u00bb4.27.4&#8243; _module_preset=\u00bbdefault\u00bb header_font=\u00bb|700|||||||\u00bb text_orientation=\u00bbcenter\u00bb global_colors_info=\u00bb{}\u00bb]<\/p>\n<p>C\/ Agricultura 1 &#8211; 23400 \u00dabeda<\/p>\n<p>Tfno.: 953 79 13 53<\/p>\n<p>[\/et_pb_blurb][\/et_pb_column][et_pb_column type=\u00bb1_4&#8243; _builder_version=\u00bb4.27.4&#8243; _module_preset=\u00bbdefault\u00bb global_colors_info=\u00bb{}\u00bb][\/et_pb_column][\/et_pb_row][et_pb_row column_structure=\u00bb1_3,1_3,1_3&#8243; _builder_version=\u00bb4.27.4&#8243; _module_preset=\u00bbdefault\u00bb global_colors_info=\u00bb{}\u00bb][et_pb_column type=\u00bb1_3&#8243; _builder_version=\u00bb4.27.4&#8243; _module_preset=\u00bbdefault\u00bb global_colors_info=\u00bb{}\u00bb][\/et_pb_column][et_pb_column type=\u00bb1_3&#8243; _builder_version=\u00bb4.27.4&#8243; _module_preset=\u00bbdefault\u00bb global_colors_info=\u00bb{}\u00bb][et_pb_button button_url=\u00bbhttps:\/\/wa.me\/+34687515265&#8243; button_text=\u00bbContactar por WhatsApp\u00bb button_alignment=\u00bbcenter\u00bb _builder_version=\u00bb4.27.4&#8243; _module_preset=\u00bbdefault\u00bb custom_button=\u00bbon\u00bb button_text_size=\u00bb15px\u00bb button_text_color=\u00bb#40b71f\u00bb global_colors_info=\u00bb{}\u00bb][\/et_pb_button][\/et_pb_column][et_pb_column type=\u00bb1_3&#8243; _builder_version=\u00bb4.27.4&#8243; _module_preset=\u00bbdefault\u00bb global_colors_info=\u00bb{}\u00bb][\/et_pb_column][\/et_pb_row][\/et_pb_section]<\/p>\n","protected":false},"excerpt":{"rendered":"<p>Prueba de conducci\u00f3n BYD en Ja\u00e9nDescubre por ti todo lo que puede ofrecerte la marca N\u00ba1 en veh\u00edculos enchufables\u00bfQUIERES CONTACTAR CON NOSOTROS?C\/ Esca\u00f1uela 33 &#8211; 23009 Ja\u00e9n Tfno.: 953 96 86 96C\/ Agricultura 1 &#8211; 23400 \u00dabeda Tfno.: 953 79 13 53<\/p>\n","protected":false},"author":2,"featured_media":0,"parent":0,"menu_order":0,"comment_status":"closed","ping_status":"closed","template":"","meta":{"_et_pb_use_builder":"on","_et_pb_old_content":"","_et_gb_content_width":"","footnotes":""},"class_list":["post-149","page","type-page","status-publish","hentry"],"yoast_head":"<!-- This site is optimized with the Yoast SEO plugin v27.0 - https:\/\/yoast.com\/product\/yoast-seo-wordpress\/ -->\n<title>Prueba tu BYD - BYD Ja\u00e9n<\/title>\n<meta name=\"robots\" content=\"index, follow, max-snippet:-1, max-image-preview:large, max-video-preview:-1\" \/>\n<link rel=\"canonical\" href=\"https:\/\/auringisautos.es\/byd\/prueba-tu-byd\/\" \/>\n<meta property=\"og:locale\" content=\"es_ES\" \/>\n<meta property=\"og:type\" content=\"article\" \/>\n<meta property=\"og:title\" content=\"Prueba tu BYD - BYD Ja\u00e9n\" \/>\n<meta property=\"og:description\" content=\"Prueba de conducci\u00f3n BYD en Ja\u00e9nDescubre por ti todo lo que puede ofrecerte la marca N\u00ba1 en veh\u00edculos enchufables\u00bfQUIERES CONTACTAR CON NOSOTROS?C\/ Esca\u00f1uela 33 - 23009 Ja\u00e9n Tfno.: 953 96 86 96C\/ Agricultura 1 - 23400 \u00dabeda Tfno.: 953 79 13 53\" \/>\n<meta property=\"og:url\" content=\"https:\/\/auringisautos.es\/byd\/prueba-tu-byd\/\" \/>\n<meta property=\"og:site_name\" content=\"BYD Ja\u00e9n\" \/>\n<meta property=\"article:publisher\" content=\"https:\/\/www.facebook.com\/profile.php?id=61574663073125\" \/>\n<meta property=\"article:modified_time\" content=\"2026-02-16T16:50:06+00:00\" \/>\n<meta name=\"twitter:card\" content=\"summary_large_image\" \/>\n<script type=\"application\/ld+json\" class=\"yoast-schema-graph\">{\"@context\":\"https:\/\/schema.org\",\"@graph\":[{\"@type\":\"WebPage\",\"@id\":\"https:\/\/auringisautos.es\/byd\/prueba-tu-byd\/\",\"url\":\"https:\/\/auringisautos.es\/byd\/prueba-tu-byd\/\",\"name\":\"Prueba tu BYD - BYD Ja\u00e9n\",\"isPartOf\":{\"@id\":\"https:\/\/auringisautos.es\/byd\/#website\"},\"datePublished\":\"2025-12-03T15:56:02+00:00\",\"dateModified\":\"2026-02-16T16:50:06+00:00\",\"breadcrumb\":{\"@id\":\"https:\/\/auringisautos.es\/byd\/prueba-tu-byd\/#breadcrumb\"},\"inLanguage\":\"es\",\"potentialAction\":[{\"@type\":\"ReadAction\",\"target\":[\"https:\/\/auringisautos.es\/byd\/prueba-tu-byd\/\"]}]},{\"@type\":\"BreadcrumbList\",\"@id\":\"https:\/\/auringisautos.es\/byd\/prueba-tu-byd\/#breadcrumb\",\"itemListElement\":[{\"@type\":\"ListItem\",\"position\":1,\"name\":\"Portada\",\"item\":\"https:\/\/auringisautos.es\/byd\/\"},{\"@type\":\"ListItem\",\"position\":2,\"name\":\"Prueba tu BYD\"}]},{\"@type\":\"WebSite\",\"@id\":\"https:\/\/auringisautos.es\/byd\/#website\",\"url\":\"https:\/\/auringisautos.es\/byd\/\",\"name\":\"BYD Ja\u00e9n\",\"description\":\"Nuevo concesionario de veh\u00edculos el\u00e9ctricos BYD, la marca n\u00famero 1 mundial.\",\"publisher\":{\"@id\":\"https:\/\/auringisautos.es\/byd\/#organization\"},\"potentialAction\":[{\"@type\":\"SearchAction\",\"target\":{\"@type\":\"EntryPoint\",\"urlTemplate\":\"https:\/\/auringisautos.es\/byd\/?s={search_term_string}\"},\"query-input\":{\"@type\":\"PropertyValueSpecification\",\"valueRequired\":true,\"valueName\":\"search_term_string\"}}],\"inLanguage\":\"es\"},{\"@type\":\"Organization\",\"@id\":\"https:\/\/auringisautos.es\/byd\/#organization\",\"name\":\"BYD Ja\u00e9n\",\"url\":\"https:\/\/auringisautos.es\/byd\/\",\"logo\":{\"@type\":\"ImageObject\",\"inLanguage\":\"es\",\"@id\":\"https:\/\/auringisautos.es\/byd\/#\/schema\/logo\/image\/\",\"url\":\"https:\/\/auringisautos.es\/byd\/wp-content\/uploads\/2025\/03\/AURINGIS-Y-BYD-NEGRO-copia.png\",\"contentUrl\":\"https:\/\/auringisautos.es\/byd\/wp-content\/uploads\/2025\/03\/AURINGIS-Y-BYD-NEGRO-copia.png\",\"width\":6634,\"height\":1184,\"caption\":\"BYD Ja\u00e9n\"},\"image\":{\"@id\":\"https:\/\/auringisautos.es\/byd\/#\/schema\/logo\/image\/\"},\"sameAs\":[\"https:\/\/www.facebook.com\/profile.php?id=61574663073125\"]}]}<\/script>\n<!-- \/ Yoast SEO plugin. -->","yoast_head_json":{"title":"Prueba tu BYD - BYD Ja\u00e9n","robots":{"index":"index","follow":"follow","max-snippet":"max-snippet:-1","max-image-preview":"max-image-preview:large","max-video-preview":"max-video-preview:-1"},"canonical":"https:\/\/auringisautos.es\/byd\/prueba-tu-byd\/","og_locale":"es_ES","og_type":"article","og_title":"Prueba tu BYD - BYD Ja\u00e9n","og_description":"Prueba de conducci\u00f3n BYD en Ja\u00e9nDescubre por ti todo lo que puede ofrecerte la marca N\u00ba1 en veh\u00edculos enchufables\u00bfQUIERES CONTACTAR CON NOSOTROS?C\/ Esca\u00f1uela 33 - 23009 Ja\u00e9n Tfno.: 953 96 86 96C\/ Agricultura 1 - 23400 \u00dabeda Tfno.: 953 79 13 53","og_url":"https:\/\/auringisautos.es\/byd\/prueba-tu-byd\/","og_site_name":"BYD Ja\u00e9n","article_publisher":"https:\/\/www.facebook.com\/profile.php?id=61574663073125","article_modified_time":"2026-02-16T16:50:06+00:00","twitter_card":"summary_large_image","schema":{"@context":"https:\/\/schema.org","@graph":[{"@type":"WebPage","@id":"https:\/\/auringisautos.es\/byd\/prueba-tu-byd\/","url":"https:\/\/auringisautos.es\/byd\/prueba-tu-byd\/","name":"Prueba tu BYD - BYD Ja\u00e9n","isPartOf":{"@id":"https:\/\/auringisautos.es\/byd\/#website"},"datePublished":"2025-12-03T15:56:02+00:00","dateModified":"2026-02-16T16:50:06+00:00","breadcrumb":{"@id":"https:\/\/auringisautos.es\/byd\/prueba-tu-byd\/#breadcrumb"},"inLanguage":"es","potentialAction":[{"@type":"ReadAction","target":["https:\/\/auringisautos.es\/byd\/prueba-tu-byd\/"]}]},{"@type":"BreadcrumbList","@id":"https:\/\/auringisautos.es\/byd\/prueba-tu-byd\/#breadcrumb","itemListElement":[{"@type":"ListItem","position":1,"name":"Portada","item":"https:\/\/auringisautos.es\/byd\/"},{"@type":"ListItem","position":2,"name":"Prueba tu BYD"}]},{"@type":"WebSite","@id":"https:\/\/auringisautos.es\/byd\/#website","url":"https:\/\/auringisautos.es\/byd\/","name":"BYD Ja\u00e9n","description":"Nuevo concesionario de veh\u00edculos el\u00e9ctricos BYD, la marca n\u00famero 1 mundial.","publisher":{"@id":"https:\/\/auringisautos.es\/byd\/#organization"},"potentialAction":[{"@type":"SearchAction","target":{"@type":"EntryPoint","urlTemplate":"https:\/\/auringisautos.es\/byd\/?s={search_term_string}"},"query-input":{"@type":"PropertyValueSpecification","valueRequired":true,"valueName":"search_term_string"}}],"inLanguage":"es"},{"@type":"Organization","@id":"https:\/\/auringisautos.es\/byd\/#organization","name":"BYD Ja\u00e9n","url":"https:\/\/auringisautos.es\/byd\/","logo":{"@type":"ImageObject","inLanguage":"es","@id":"https:\/\/auringisautos.es\/byd\/#\/schema\/logo\/image\/","url":"https:\/\/auringisautos.es\/byd\/wp-content\/uploads\/2025\/03\/AURINGIS-Y-BYD-NEGRO-copia.png","contentUrl":"https:\/\/auringisautos.es\/byd\/wp-content\/uploads\/2025\/03\/AURINGIS-Y-BYD-NEGRO-copia.png","width":6634,"height":1184,"caption":"BYD Ja\u00e9n"},"image":{"@id":"https:\/\/auringisautos.es\/byd\/#\/schema\/logo\/image\/"},"sameAs":["https:\/\/www.facebook.com\/profile.php?id=61574663073125"]}]}},"_links":{"self":[{"href":"https:\/\/auringisautos.es\/byd\/wp-json\/wp\/v2\/pages\/149","targetHints":{"allow":["GET"]}}],"collection":[{"href":"https:\/\/auringisautos.es\/byd\/wp-json\/wp\/v2\/pages"}],"about":[{"href":"https:\/\/auringisautos.es\/byd\/wp-json\/wp\/v2\/types\/page"}],"author":[{"embeddable":true,"href":"https:\/\/auringisautos.es\/byd\/wp-json\/wp\/v2\/users\/2"}],"replies":[{"embeddable":true,"href":"https:\/\/auringisautos.es\/byd\/wp-json\/wp\/v2\/comments?post=149"}],"version-history":[{"count":8,"href":"https:\/\/auringisautos.es\/byd\/wp-json\/wp\/v2\/pages\/149\/revisions"}],"predecessor-version":[{"id":275,"href":"https:\/\/auringisautos.es\/byd\/wp-json\/wp\/v2\/pages\/149\/revisions\/275"}],"wp:attachment":[{"href":"https:\/\/auringisautos.es\/byd\/wp-json\/wp\/v2\/media?parent=149"}],"curies":[{"name":"wp","href":"https:\/\/api.w.org\/{rel}","templated":true}]}}